{"id":448,"date":"2026-03-26T20:27:50","date_gmt":"2026-03-26T19:27:50","guid":{"rendered":"https:\/\/willabalancespa.pl\/?page_id=448"},"modified":"2026-04-02T22:27:38","modified_gmt":"2026-04-02T20:27:38","slug":"wczasy-z-glodowka-lecznicza","status":"publish","type":"page","link":"https:\/\/willabalancespa.pl\/index.php\/wczasy-z-glodowka-lecznicza\/","title":{"rendered":"Wczasy z g\u0142od\u00f3wk\u0105 lecznicz\u0105"},"content":{"rendered":"\n\n\n\n<div class=\"et_pb_section_2 et_pb_section et_section_regular et_block_section preset--module--divi-section--903608f7-e57f-4dd6-9c67-77df3a52a79b\">\n<div class=\"et_pb_row_2 et_pb_row et_pb_row_3-4_1-4 et_block_row\">\n<div class=\"et_pb_column_2 et_pb_column et_pb_column_3_4 et_block_column et_pb_css_mix_blend_mode_passthrough\">\n<div class=\"et_pb_heading_3 et_pb_heading et_pb_module et_block_module preset--module--divi-heading--6970af5f74619\"><div class=\"et_pb_heading_container\"><h1 class=\"et_pb_module_header\">Wczasy z g\u0142od\u00f3wk\u0105 lecznicz\u0105<\/h1><\/div><\/div>\n\n<div class=\"et_pb_heading_4 et_pb_heading et_pb_module et_block_module preset--module--divi-heading--f227339e-7765-464e-a406-f347a16a3e1c\"><div class=\"et_pb_heading_container\"><h3 class=\"et_pb_module_header\">Bezpieczne oczyszczanie organizmu pod opiek\u0105 terapeuty holistycznego. Turnusy 5\/7 dni<\/h3><\/div><\/div>\n\n<div class=\"et_pb_module et_pb_button_module_wrapper et_pb_button_0_wrapper preset--module--divi-button--ad1327f9-53bb-4a56-8866-b634379242f6_wrapper\"><a class=\"et_pb_button_0 et_pb_button et_pb_bg_layout_light et_pb_module et_block_module preset--module--divi-button--ad1327f9-53bb-4a56-8866-b634379242f6\" href=\"https:\/\/willabalancespa.pl\/index.php\/rezerwacja\/\" data-icon=\"$\">Rezerwuj<\/a><\/div>\n<\/div>\n\n<div class=\"et_pb_column_3 et_pb_column et_pb_column_1_4 et-last-child et_block_column et_pb_column_empty et_pb_css_mix_blend_mode_passthrough\"><\/div>\n<\/div>\n<\/div>\n\n<div class=\"et_pb_section_3 et_pb_section et_section_regular et_block_section preset--module--divi-section--69a4a204c418e\">\n<div class=\"et_pb_row_3 et_pb_row et_block_row\">\n<div class=\"et_pb_column_4 et_pb_column et_pb_column_1_2 et_block_column et_pb_css_mix_blend_mode_passthrough\">\n<div class=\"et_pb_image_1 et_pb_image et_pb_module et_block_module\"><span class=\"et_pb_image_wrap\"><img loading=\"lazy\" decoding=\"async\" src=\"https:\/\/willabalancespa.pl\/wp-content\/uploads\/2026\/03\/wczasy-z-glodowka-zakopane.webp\" alt=\"wczasy z g\u0142od\u00f3wk\u0105 lecznicz\u0105 zakopane willa balance spa\" title=\"wczasy-z-glodowka-zakopane\" width=\"600\" height=\"450\" srcset=\"https:\/\/willabalancespa.pl\/wp-content\/uploads\/2026\/03\/wczasy-z-glodowka-zakopane.webp 600w, https:\/\/willabalancespa.pl\/wp-content\/uploads\/2026\/03\/wczasy-z-glodowka-zakopane-480x360.webp 480w\" sizes=\"(min-width: 0px) and (max-width: 480px) 480px, (min-width: 481px) 600px, 100vw\" class=\"wp-image-453\" \/><\/span><\/div>\n<\/div>\n\n<div class=\"et_pb_column_5 et_pb_column et_pb_column_1_2 et-last-child et_block_column et_pb_css_mix_blend_mode_passthrough\">\n<div class=\"et_pb_heading_5 et_pb_heading et_pb_module et_block_module preset--module--divi-heading--e56c30f9-8329-4317-b032-e6b4f3c10f5a\"><div class=\"et_pb_heading_container\"><h2 class=\"et_pb_module_header\">Turnus G\u0142od\u00f3wka lecznicza w Zakopanem<\/h2><\/div><\/div>\n\n<div class=\"et_pb_text_1 et_pb_text et_pb_bg_layout_light et_pb_module et_block_module preset--module--divi-text--6efb6bbd-12a1-4834-b469-9798f4a40b40\"><div class=\"et_pb_text_inner\"><p>Czasem cia\u0142o daje wyra\u017any sygna\u0142, \u017ce potrzebuje zatrzymania. Zm\u0119czenie, napi\u0119cie, brak energii czy problemy ze snem to nie przypadek \u2013 to znak, \u017ce organizm wymaga g\u0142\u0119bszego oczyszczenia i regeneracji.<\/p>\n<p><strong>Wczasy z g\u0142od\u00f3wk\u0105 lecznicz\u0105 w\u00a0 Zakopanem<\/strong> to przestrze\u0144, w kt\u00f3rej mo\u017cesz przej\u015b\u0107 ten proces spokojnie, bezpiecznie i pod pe\u0142n\u0105 opiek\u0105.<\/p>\n<p>Od blisko 30 lat pracuj\u0119 z cia\u0142em cz\u0142owieka, prowadz\u0105c procesy oczyszczania i przywracania fizjologicznej r\u00f3wnowagi. <strong>Turnus g\u0142od\u00f3wka lecznicza Zakopane<\/strong> to jedna z najbardziej naturalnych metod uruchamiania mechanizm\u00f3w samoregulacji organizmu \u2013 prowadzona \u015bwiadomie, z uwa\u017cno\u015bci\u0105 i do\u015bwiadczeniem.<\/p>\n<\/div><\/div>\n\n<div class=\"et_pb_module et_pb_button_module_wrapper et_pb_button_1_wrapper preset--module--divi-button--ad1327f9-53bb-4a56-8866-b634379242f6_wrapper\"><a class=\"et_pb_button_1 et_pb_button et_pb_bg_layout_light et_pb_module et_block_module preset--module--divi-button--ad1327f9-53bb-4a56-8866-b634379242f6\" href=\"https:\/\/willabalancespa.pl\/index.php\/rezerwacja\/\" data-icon=\"$\">rezerwuj<\/a><\/div>\n<\/div>\n<\/div>\n<\/div>\n\n<div class=\"et_pb_section_4 et_pb_section et_section_regular et_block_section preset--module--divi-section--69b71f9717e8b\">\n<div class=\"et_pb_row_4 et_pb_row et_block_row\">\n<div class=\"et_pb_column_6 et_pb_column et_pb_column_1_2 et_block_column et_pb_css_mix_blend_mode_passthrough\">\n<div class=\"et_pb_heading_6 et_pb_heading et_pb_module et_block_module preset--module--divi-heading--e56c30f9-8329-4317-b032-e6b4f3c10f5a\"><div class=\"et_pb_heading_container\"><h2 class=\"et_pb_module_header\">Wczasy z g\u0142od\u00f3wk\u0105 lecznicz\u0105 \u2013 co daj\u0105?<\/h2><\/div><\/div>\n\n<div class=\"et_pb_text_2 et_pb_text et_pb_bg_layout_light et_pb_module et_block_module preset--module--divi-text--6efb6bbd-12a1-4834-b469-9798f4a40b40\"><div class=\"et_pb_text_inner\"><p data-start=\"844\" data-end=\"917\">Podczas wczas\u00f3w z g\u0142od\u00f3wk\u0105 lecznicz\u0105 organizm przechodzi w tryb regeneracji:<\/p>\n<ul data-start=\"919\" data-end=\"1157\">\n<li data-section-id=\"1m3wn9k\" data-start=\"919\" data-end=\"956\">uk\u0142ad trawienny zostaje odci\u0105\u017cony<\/li>\n<li data-section-id=\"rkxzfa\" data-start=\"957\" data-end=\"1003\">zmniejsza si\u0119 obci\u0105\u017cenie zapalne organizmu<\/li>\n<li data-section-id=\"tgy5bk\" data-start=\"1004\" data-end=\"1053\">uruchamiane s\u0105 procesy regeneracji kom\u00f3rkowej<\/li>\n<li data-section-id=\"gtzbzz\" data-start=\"1054\" data-end=\"1097\">poprawia si\u0119 regulacja uk\u0142adu nerwowego<\/li>\n<li data-section-id=\"hyumfm\" data-start=\"1098\" data-end=\"1157\">pojawia si\u0119 wi\u0119ksza klarowno\u015b\u0107 umys\u0142u i lekko\u015b\u0107 w ciele<\/li>\n<\/ul>\n<p data-start=\"1159\" data-end=\"1257\">To proces, kt\u00f3ry dzia\u0142a nie tylko na poziomie fizycznym, ale r\u00f3wnie\u017c emocjonalnym i energetycznym.<\/p>\n<\/div><\/div>\n<\/div>\n\n<div class=\"et_pb_column_7 et_pb_column et_pb_column_1_2 et-last-child et_block_column et_pb_css_mix_blend_mode_passthrough\">\n<div class=\"et_pb_image_2 et_pb_image et_pb_module et_block_module preset--module--divi-image--da67ba06-0b57-4aa2-8cc1-fc814cab47ba\"><span class=\"et_pb_image_wrap\"><img loading=\"lazy\" decoding=\"async\" src=\"https:\/\/willabalancespa.pl\/wp-content\/uploads\/2026\/03\/glodowka-lecznicza-wczasy-zkopane.webp\" title=\"glodowka-lecznicza-wczasy-zkopane\" width=\"800\" height=\"550\" srcset=\"https:\/\/willabalancespa.pl\/wp-content\/uploads\/2026\/03\/glodowka-lecznicza-wczasy-zkopane.webp 800w, https:\/\/willabalancespa.pl\/wp-content\/uploads\/2026\/03\/glodowka-lecznicza-wczasy-zkopane-480x330.webp 480w\" sizes=\"(min-width: 0px) and (max-width: 480px) 480px, (min-width: 481px) 800px, 100vw\" class=\"wp-image-451\" alt=\"regeneracja oczyszczanie w\u0105troby zakopane hydrokolonoterapia\" \/><\/span><\/div>\n\n<div class=\"et_pb_module et_pb_button_module_wrapper et_pb_button_2_wrapper preset--module--divi-button--ad1327f9-53bb-4a56-8866-b634379242f6_wrapper\"><a class=\"et_pb_button_2 et_pb_button et_pb_bg_layout_light et_pb_module et_block_module preset--module--divi-button--ad1327f9-53bb-4a56-8866-b634379242f6\" href=\"https:\/\/willabalancespa.pl\/index.php\/rezerwacja\/\" data-icon=\"$\">rezerwuj<\/a><\/div>\n<\/div>\n<\/div>\n<\/div>\n\n<div class=\"et_pb_section_5 et_pb_section et_section_regular et_block_section preset--module--divi-section--903608f7-e57f-4dd6-9c67-77df3a52a79b\">\n<div class=\"et_pb_row_5 et_pb_row et_block_row\">\n<div class=\"et_pb_column_8 et_pb_column et_pb_column_1_2 et_block_column et_pb_css_mix_blend_mode_passthrough preset--module--divi-column--52115fba-d092-4238-883d-5957f46de4ce\">\n<div class=\"et_pb_image_3 et_pb_image et_pb_module et_flex_module\"><span class=\"et_pb_image_wrap\"><img loading=\"lazy\" decoding=\"async\" src=\"https:\/\/willabalancespa.pl\/wp-content\/uploads\/2026\/03\/Projekt-bez-nazwy-12.png\" title=\"Projekt bez nazwy (12)\" width=\"450\" height=\"300\" srcset=\"https:\/\/willabalancespa.pl\/wp-content\/uploads\/2026\/03\/Projekt-bez-nazwy-12.png 450w, https:\/\/willabalancespa.pl\/wp-content\/uploads\/2026\/03\/Projekt-bez-nazwy-12-300x200.png 300w\" sizes=\"(max-width: 450px) 100vw, 450px\" class=\"wp-image-378\" alt=\"masa\u017ce will abalance spa\" \/><\/span><\/div>\n\n<div class=\"et_pb_heading_7 et_pb_heading et_pb_module et_block_module preset--module--divi-heading--acf1f952-a275-46ff-84ed-8dffebe6a425\"><div class=\"et_pb_heading_container\"><h4 class=\"et_pb_module_header\">Terminy turnus\u00f3w<\/h4><\/div><\/div>\n\n<div class=\"et_pb_divider_0 et_pb_divider_hidden et_pb_space et_pb_divider_position_top et_pb_module\"><div class=\"et_pb_divider_internal\"><\/div><\/div>\n\n<div class=\"et_pb_text_3 et_pb_text et_pb_bg_layout_light et_pb_module et_block_module\"><div class=\"et_pb_text_inner\"><p>05-15 maj 2026 | 7 nocy<\/p>\n<\/div><\/div>\n\n<div class=\"et_pb_heading_8 et_pb_heading et_pb_module et_block_module preset--module--divi-heading--acf1f952-a275-46ff-84ed-8dffebe6a425\"><div class=\"et_pb_heading_container\"><h4 class=\"et_pb_module_header\">Cena: 3150 z\u0142<\/h4><\/div><\/div>\n\n<div class=\"et_pb_text_4 et_pb_text et_pb_bg_layout_light et_pb_module et_block_module\"><div class=\"et_pb_text_inner\"><p>20-25 wrzesie\u0144 2026 | 5 nocy<\/p>\n<\/div><\/div>\n\n<div class=\"et_pb_heading_9 et_pb_heading et_pb_module et_block_module preset--module--divi-heading--acf1f952-a275-46ff-84ed-8dffebe6a425\"><div class=\"et_pb_heading_container\"><h4 class=\"et_pb_module_header\">Cena: 2250 z\u0142<\/h4><\/div><\/div>\n\n<div class=\"et_pb_divider_1 et_pb_divider_hidden et_pb_space et_pb_divider_position_top et_pb_module\"><div class=\"et_pb_divider_internal\"><\/div><\/div>\n\n<div class=\"et_pb_module et_pb_button_module_wrapper et_pb_button_3_wrapper preset--module--divi-button--ad1327f9-53bb-4a56-8866-b634379242f6_wrapper\"><a class=\"et_pb_button_3 et_pb_button et_pb_bg_layout_light et_pb_module et_block_module preset--module--divi-button--ad1327f9-53bb-4a56-8866-b634379242f6\" href=\"https:\/\/willabalancespa.pl\/index.php\/rezerwacja\/\" data-icon=\"$\">rezerwuj<\/a><\/div>\n<\/div>\n\n<div class=\"et_pb_column_9 et_pb_column et_pb_column_1_2 et-last-child et_block_column et_pb_css_mix_blend_mode_passthrough\">\n<div class=\"et_pb_heading_10 et_pb_heading et_pb_module et_block_module preset--module--divi-heading--137d4019-cabd-4acf-a947-690e79b5df29\"><div class=\"et_pb_heading_container\"><h3 class=\"et_pb_module_header\">G\u0142od\u00f3wka 5\/7 dni \u2013 turnus Zakopane - w cenie:<\/h3><\/div><\/div>\n\n<div class=\"et_pb_text_5 et_pb_text et_pb_bg_layout_light et_pb_module et_block_module et_pb_text_align_left preset--module--divi-text--a4d5bd0b-c6df-4efa-93df-b960974f4af4\"><div class=\"et_pb_text_inner\"><p data-start=\"1766\" data-end=\"1887\">Program dnia zosta\u0142 zaplanowany tak, aby wspiera\u0107 naturalne procesy oczyszczania i regeneracji organizmu. Obejmuje m.in.:<\/p>\n<ul>\n<li data-start=\"1889\" data-end=\"2095\">poranne rytua\u0142y oczyszczaj\u0105ce<\/li>\n<li data-start=\"1889\" data-end=\"2095\">\u0142agodn\u0105 jog\u0119 i prac\u0119 z oddechem<\/li>\n<li data-start=\"1889\" data-end=\"2095\">spacery medytacyjne w naturze<\/li>\n<li data-start=\"1889\" data-end=\"2095\">praktyki relaksacyjne i wyciszaj\u0105ce<\/li>\n<li data-start=\"1889\" data-end=\"2095\">konsultacje indywidualne<\/li>\n<li data-start=\"1889\" data-end=\"2095\">spotkania w kameralnej grupie<\/li>\n<\/ul>\n<p data-start=\"2097\" data-end=\"2247\">Zaj\u0119cia wspieraj\u0105 proces detoksykacji, pomagaj\u0105 uruchomi\u0107 naturalne usuwanie toksyn, poprawiaj\u0105 elastyczno\u015b\u0107 cia\u0142a i ucz\u0105 \u015bwiadomego kontaktu ze sob\u0105.<\/p>\n<\/div><\/div>\n<\/div>\n<\/div>\n<\/div>\n\n<div class=\"et_pb_section_6 et_pb_section et_section_regular et_flex_section preset--module--divi-section--69a4a204c418e\">\n<div class=\"et_pb_row_6 et_pb_row et_flex_row\">\n<div class=\"et_pb_column_10 et_pb_column et-last-child et_flex_column et_pb_css_mix_blend_mode_passthrough et_flex_column_24_24 et_flex_column_24_24_tablet et_flex_column_24_24_phone\">\n<div class=\"et_pb_heading_11 et_pb_heading et_pb_module et_block_module preset--module--divi-heading--137d4019-cabd-4acf-a947-690e79b5df29\"><div class=\"et_pb_heading_container\"><h3 class=\"et_pb_module_header\">G\u0142od\u00f3wka wczasy Zakopane \u2013 przestrze\u0144 regeneracji<\/h3><\/div><\/div>\n<\/div>\n<\/div>\n\n<div class=\"et_pb_row_7 et_pb_row et_flex_row\">\n<div class=\"et_pb_column_11 et_pb_column et-last-child et_flex_column et_pb_css_mix_blend_mode_passthrough et_flex_column_24_24 et_flex_column_24_24_tablet et_flex_column_24_24_phone\">\n<div class=\"et_pb_text_6 et_pb_text et_pb_bg_layout_light et_pb_module et_flex_module\"><div class=\"et_pb_text_inner\"><p>Turnus odbywa si\u0119 w kameralnej przestrzeni Willi Balance &amp; SPA w centrum Zakopanego. To miejsce, kt\u00f3re sprzyja wyciszeniu, regeneracji i powrotowi do r\u00f3wnowagi \u2013 z dala od nadmiaru bod\u017ac\u00f3w, blisko natury i w\u0142asnych potrzeb.<\/p>\n<\/div><\/div>\n\n<div class=\"et_pb_row_8 et_pb_row et_pb_row_nested et_block_row\">\n<div class=\"et_pb_column_12 et_pb_column et_pb_column_1_3 et_block_column et_pb_css_mix_blend_mode_passthrough\">\n<div class=\"et_pb_blurb_0 et_pb_blurb et_pb_bg_layout_dark et_pb_text_align_center et_pb_blurb_position_top et_pb_module et_block_module preset--module--divi-blurb--b7803c94-927e-443d-9718-67a18695bcfd\"><div class=\"et_pb_blurb_content\"><div class=\"et_pb_blurb_container\"><div class=\"et_pb_blurb_description\"><p>&nbsp;<\/p>\n<p>&nbsp;<\/p>\n<p>&nbsp;<\/p>\n<p>&nbsp;<\/p>\n<\/div><\/div><\/div><\/div>\n<\/div>\n\n<div class=\"et_pb_column_13 et_pb_column et_pb_column_1_3 et_block_column et_pb_css_mix_blend_mode_passthrough\">\n<div class=\"et_pb_blurb_1 et_pb_blurb et_pb_bg_layout_dark et_pb_text_align_center et_pb_blurb_position_top et_pb_module et_block_module preset--module--divi-blurb--b7803c94-927e-443d-9718-67a18695bcfd\"><div class=\"et_pb_blurb_content\"><div class=\"et_pb_blurb_container\"><div class=\"et_pb_blurb_description\"><p>&nbsp;<\/p>\n<p>&nbsp;<\/p>\n<p>&nbsp;<\/p>\n<p>&nbsp;<\/p>\n<\/div><\/div><\/div><\/div>\n<\/div>\n\n<div class=\"et_pb_column_14 et_pb_column et_pb_column_1_3 et-last-child et_block_column et_pb_css_mix_blend_mode_passthrough\">\n<div class=\"et_pb_blurb_2 et_pb_blurb et_pb_bg_layout_dark et_pb_text_align_center et_pb_blurb_position_top et_pb_module et_block_module preset--module--divi-blurb--b7803c94-927e-443d-9718-67a18695bcfd\"><div class=\"et_pb_blurb_content\"><div class=\"et_pb_blurb_container\"><div class=\"et_pb_blurb_description\"><p>\u00a0<\/p>\n<p>\u00a0<\/p>\n<p>&nbsp;<\/p>\n<p>\u00a0<\/p>\n<\/div><\/div><\/div><\/div>\n<\/div>\n<\/div>\n\n<div class=\"et_pb_text_7 et_pb_text et_pb_bg_layout_light et_pb_module et_flex_module\"><div class=\"et_pb_text_inner\"><p><strong>Poza zakresem pakietu, mo\u017cna korzysta\u0107 z szerokiej oferty zabieg\u00f3w w gabinecie, wspieraj\u0105cych regeneracj\u0119 i pog\u0142\u0119biaj\u0105cych efekty oczyszczania w\u0105troby:<\/strong><\/p>\n<ul>\n<li>terapie oczyszczaj\u0105ce (hydrokolonoterapia, body detox, g\u0142od\u00f3wki lecznicze),<\/li>\n<li>zabiegi regeneracyjne (masa\u017ce manualne, masa\u017c limfatyczny, thermology, ba\u0144ki lekarskie, wodoroterapia),<\/li>\n<li>terapie holistyczne oraz prace z pod\u015bwiadomo\u015bci\u0105 ( np. Access Bars, hipnoterapia, terapia Simontona, praca z emocjami i stresem).<\/li>\n<\/ul>\n<\/div><\/div>\n<\/div>\n<\/div>\n<\/div>\n\n<div class=\"et_pb_section_7 et_pb_section et_section_regular et_block_section preset--module--divi-section--5ca0172d-92d0-465d-bd0d-1f5afa9d3ac6\">\n<div class=\"et_pb_row_9 et_pb_row et_block_row\">\n<div class=\"et_pb_column_15 et_pb_column et_pb_column_4_4 et-last-child et_block_column et_pb_css_mix_blend_mode_passthrough\">\n<div class=\"et_pb_heading_12 et_pb_heading et_pb_module et_block_module preset--module--divi-heading--137d4019-cabd-4acf-a947-690e79b5df29\"><div class=\"et_pb_heading_container\"><h3 class=\"et_pb_module_header\">Dlaczego warto wybra\u0107 oczyszczanie w\u0105troby w Zakopanem?<\/h3><\/div><\/div>\n<\/div>\n<\/div>\n\n<div class=\"et_pb_row_10 et_pb_row et_block_row\">\n<div class=\"et_pb_column_16 et_pb_column et_pb_column_1_3 et_block_column et_pb_css_mix_blend_mode_passthrough\">\n<div class=\"et_pb_image_4 et_pb_image et_pb_module et_block_module\">\n<div class=\"et_pb_icon_0 et_pb_icon et_pb_module et_flex_module\"><span class=\"et_pb_icon_wrap\"><span class=\"et-pb-icon\">\uf5bb<\/span><\/span><\/div>\n<\/div>\n\n<div class=\"et_pb_text_8 et_pb_text et_pb_bg_layout_light et_pb_module et_block_module et_pb_text_align_center preset--module--divi-text--a4d5bd0b-c6df-4efa-93df-b960974f4af4\"><div class=\"et_pb_text_inner\"><p>Mo\u017cliwo\u015b\u0107 skorzystania z masa\u017cy relaksacyjnych i terapeutycznych<\/p>\n<\/div><\/div>\n<\/div>\n\n<div class=\"et_pb_column_17 et_pb_column et_pb_column_1_3 et_block_column et_pb_css_mix_blend_mode_passthrough\">\n<div class=\"et_pb_image_5 et_pb_image et_pb_module et_block_module\">\n<div class=\"et_pb_icon_1 et_pb_icon et_pb_module et_flex_module\"><span class=\"et_pb_icon_wrap\"><span class=\"et-pb-icon\">\ue089<\/span><\/span><\/div>\n<\/div>\n\n<div class=\"et_pb_text_9 et_pb_text et_pb_bg_layout_light et_pb_module et_block_module et_pb_text_align_center preset--module--divi-text--a4d5bd0b-c6df-4efa-93df-b960974f4af4\"><div class=\"et_pb_text_inner\"><p>Mo\u017cliwo\u015b\u0107 korzystania z oferty\u00a0 gabinetu Holistyczne Przywracanie Zdrowia<\/p>\n<\/div><\/div>\n<\/div>\n\n<div class=\"et_pb_column_18 et_pb_column et_pb_column_1_3 et-last-child et_block_column et_pb_css_mix_blend_mode_passthrough\">\n<div class=\"et_pb_image_6 et_pb_image et_pb_module et_block_module\">\n<div class=\"et_pb_icon_2 et_pb_icon et_pb_module et_flex_module\"><span class=\"et_pb_icon_wrap\"><span class=\"et-pb-icon\">\uf1ae<\/span><\/span><\/div>\n<\/div>\n\n<div class=\"et_pb_text_10 et_pb_text et_pb_bg_layout_light et_pb_module et_block_module et_pb_text_align_center preset--module--divi-text--a4d5bd0b-c6df-4efa-93df-b960974f4af4\"><div class=\"et_pb_text_inner\"><p>Codzienne poranne zaj\u0119cia z jogi, medytacje<\/p>\n<\/div><\/div>\n<\/div>\n<\/div>\n\n<div class=\"et_pb_row_11 et_pb_row et_block_row\">\n<div class=\"et_pb_column_19 et_pb_column et_pb_column_1_3 et_block_column et_pb_css_mix_blend_mode_passthrough\">\n<div class=\"et_pb_image_7 et_pb_image et_pb_module et_block_module\">\n<div class=\"et_pb_icon_3 et_pb_icon et_pb_module et_flex_module\"><span class=\"et_pb_icon_wrap\"><span class=\"et-pb-icon\">\ue066<\/span><\/span><\/div>\n<\/div>\n\n<div class=\"et_pb_text_11 et_pb_text et_pb_bg_layout_light et_pb_module et_block_module et_pb_text_align_center preset--module--divi-text--a4d5bd0b-c6df-4efa-93df-b960974f4af4\"><div class=\"et_pb_text_inner\"><p>Codzienny dost\u0119p do sauny lub basenu na terenie Aquaparku z Zakopanem (poza will\u0105)<\/p>\n<\/div><\/div>\n<\/div>\n\n<div class=\"et_pb_column_20 et_pb_column et_pb_column_1_3 et_block_column et_pb_css_mix_blend_mode_passthrough\">\n<div class=\"et_pb_image_8 et_pb_image et_pb_module et_block_module\">\n<div class=\"et_pb_icon_4 et_pb_icon et_pb_module et_flex_module\"><span class=\"et_pb_icon_wrap\"><span class=\"et-pb-icon\">\uf015<\/span><\/span><\/div>\n<\/div>\n\n<div class=\"et_pb_text_12 et_pb_text et_pb_bg_layout_light et_pb_module et_block_module et_pb_text_align_center preset--module--divi-text--a4d5bd0b-c6df-4efa-93df-b960974f4af4\"><div class=\"et_pb_text_inner\"><p>Ciep\u0142a i rodzinna atmosfera w obiekcie<\/p>\n<\/div><\/div>\n<\/div>\n\n<div class=\"et_pb_column_21 et_pb_column et_pb_column_1_3 et-last-child et_block_column et_pb_css_mix_blend_mode_passthrough\">\n<div class=\"et_pb_image_9 et_pb_image et_pb_module et_block_module\">\n<div class=\"et_pb_icon_5 et_pb_icon et_pb_module et_flex_module\"><span class=\"et_pb_icon_wrap\"><span class=\"et-pb-icon\">\uf3c5<\/span><\/span><\/div>\n<\/div>\n\n<div class=\"et_pb_text_13 et_pb_text et_pb_bg_layout_light et_pb_module et_block_module et_pb_text_align_center preset--module--divi-text--a4d5bd0b-c6df-4efa-93df-b960974f4af4\"><div class=\"et_pb_text_inner\"><p>Po\u0142o\u017cenie na Anta\u0142\u00f3wce \u2013 cisza, widok na Tatry, idealna baza wypadowa<\/p>\n<\/div><\/div>\n<\/div>\n<\/div>\n<\/div>\n\n<div class=\"et_pb_section_8 et_pb_section et_section_regular et_block_section preset--module--divi-section--8e8869c8-804c-4f0a-b398-edb99486105d\">\n<div class=\"et_pb_row_12 et_pb_row et_block_row\">\n<div class=\"et_pb_column_22 et_pb_column et_pb_column_4_4 et-last-child et_block_column et_pb_css_mix_blend_mode_passthrough\">\n<div class=\"et_pb_heading_13 et_pb_heading et_pb_module et_block_module preset--module--divi-heading--137d4019-cabd-4acf-a947-690e79b5df29\"><div class=\"et_pb_heading_container\"><h3 class=\"et_pb_module_header\">Zarezerwuj miejsce na turnusie Regeneracja i oczyszczanie w\u0105troby w Zakopanem<\/h3><\/div><\/div>\n\n<div class=\"et_pb_divider_2 et_pb_divider_hidden et_pb_space et_pb_divider_position_top et_pb_module\"><div class=\"et_pb_divider_internal\"><\/div><\/div>\n<\/div>\n<\/div>\n\n<div class=\"et_pb_row_13 et_pb_row et_flex_row\">\n<div class=\"et_pb_column_23 et_pb_column et_flex_column et_pb_css_mix_blend_mode_passthrough et_flex_column_12_24 et_flex_column_12_24_tablet et_flex_column_24_24_phone\">\n<div class=\"et_pb_module et_pb_button_module_wrapper et_pb_button_4_wrapper preset--module--divi-button--ad1327f9-53bb-4a56-8866-b634379242f6_wrapper\"><a class=\"et_pb_button_4 et_pb_button et_pb_bg_layout_light et_pb_module et_block_module preset--module--divi-button--ad1327f9-53bb-4a56-8866-b634379242f6\" href=\"tel:+48601343663\" data-icon=\"$\" data-loop-item=\"0\">telefonicznie<\/a><\/div>\n<\/div>\n\n<div class=\"et_pb_column_24 et_pb_column et-last-child et_flex_column et_pb_css_mix_blend_mode_passthrough et_flex_column_12_24 et_flex_column_12_24_tablet et_flex_column_24_24_phone\">\n<div class=\"et_pb_module et_pb_button_module_wrapper et_pb_button_5_wrapper preset--module--divi-button--ad1327f9-53bb-4a56-8866-b634379242f6_wrapper\"><a class=\"et_pb_button_5 et_pb_button et_pb_bg_layout_light et_pb_module et_block_module preset--module--divi-button--ad1327f9-53bb-4a56-8866-b634379242f6\" href=\"https:\/\/willabalancespa.pl\/index.php\/rezerwacja\/\" data-icon=\"$\" data-loop-item=\"0\">online<\/a><\/div>\n<\/div>\n<\/div>\n<\/div>","protected":false},"excerpt":{"rendered":"","protected":false},"author":2,"featured_media":0,"parent":0,"menu_order":0,"comment_status":"closed","ping_status":"closed","template":"","meta":{"footnotes":""},"class_list":["post-448","page","type-page","status-publish","hentry"],"_links":{"self":[{"href":"https:\/\/willabalancespa.pl\/index.php\/wp-json\/wp\/v2\/pages\/448","targetHints":{"allow":["GET"]}}],"collection":[{"href":"https:\/\/willabalancespa.pl\/index.php\/wp-json\/wp\/v2\/pages"}],"about":[{"href":"https:\/\/willabalancespa.pl\/index.php\/wp-json\/wp\/v2\/types\/page"}],"author":[{"embeddable":true,"href":"https:\/\/willabalancespa.pl\/index.php\/wp-json\/wp\/v2\/users\/2"}],"replies":[{"embeddable":true,"href":"https:\/\/willabalancespa.pl\/index.php\/wp-json\/wp\/v2\/comments?post=448"}],"version-history":[{"count":11,"href":"https:\/\/willabalancespa.pl\/index.php\/wp-json\/wp\/v2\/pages\/448\/revisions"}],"predecessor-version":[{"id":552,"href":"https:\/\/willabalancespa.pl\/index.php\/wp-json\/wp\/v2\/pages\/448\/revisions\/552"}],"wp:attachment":[{"href":"https:\/\/willabalancespa.pl\/index.php\/wp-json\/wp\/v2\/media?parent=448"}],"curies":[{"name":"wp","href":"https:\/\/api.w.org\/{rel}","templated":true}]}}